{"id":611,"date":"2026-04-18T16:05:48","date_gmt":"2026-04-18T09:05:48","guid":{"rendered":"https:\/\/trungglobal.com\/wordpress\/?page_id=611"},"modified":"2026-04-18T16:07:33","modified_gmt":"2026-04-18T09:07:33","slug":"faq","status":"publish","type":"page","link":"https:\/\/trungglobal.com\/wordpress\/faq\/","title":{"rendered":"FAQ"},"content":{"rendered":"\n<p><strong>FAQ \u2013 Nh\u1eefng c\u00e2u h\u1ecfi th\u01b0\u1eddng g\u1eb7p v\u1ec1<\/strong><\/p>\n\n\n\n<p><strong>TrungGlobal Network<\/strong><\/p>\n\n\n\n<figure class=\"wp-block-image size-full\"><img loading=\"lazy\" decoding=\"async\" width=\"1024\" height=\"1536\" src=\"https:\/\/trungglobal.com\/wordpress\/wp-content\/uploads\/2026\/04\/Faq.webp\" alt=\"FAQ \u2013 Nh\u1eefng c\u00e2u h\u1ecfi th\u01b0\u1eddng g\u1eb7p v\u1ec1 \n\" class=\"wp-image-612\" srcset=\"https:\/\/trungglobal.com\/wordpress\/wp-content\/uploads\/2026\/04\/Faq.webp 1024w, https:\/\/trungglobal.com\/wordpress\/wp-content\/uploads\/2026\/04\/Faq-200x300.webp 200w, https:\/\/trungglobal.com\/wordpress\/wp-content\/uploads\/2026\/04\/Faq-683x1024.webp 683w, https:\/\/trungglobal.com\/wordpress\/wp-content\/uploads\/2026\/04\/Faq-768x1152.webp 768w\" sizes=\"auto, (max-width: 1024px) 100vw, 1024px\" \/><figcaption class=\"wp-element-caption\"><em>FAQ \u2013 Nh\u1eefng c\u00e2u h\u1ecfi th\u01b0\u1eddng g\u1eb7p v\u1ec1<br><\/em><\/figcaption><\/figure>\n\n\n\n<p>Trong qu\u00e1 tr\u00ecnh t\u00ecm hi\u1ec3u v\u00e0 s\u1eed d\u1ee5ng <strong>TrungGlobal Network<\/strong>, ng\u01b0\u1eddi d\u00f9ng th\u01b0\u1eddng c\u00f3 nhi\u1ec1u th\u1eafc m\u1eafc li\u00ean quan \u0111\u1ebfn ch\u1ee9c n\u0103ng, c\u00e1ch ho\u1ea1t \u0111\u1ed9ng v\u00e0 l\u1ee3i \u00edch th\u1ef1c t\u1ebf. D\u01b0\u1edbi \u0111\u00e2y l\u00e0 ph\u1ea7n <strong>FAQ chu\u1ea9n SEO, \u0111\u1ea7y \u0111\u1ee7 v\u00e0 d\u1ec5 hi\u1ec3u<\/strong>, gi\u00fap b\u1ea1n n\u1eafm r\u00f5 m\u1ecdi th\u00f4ng tin quan tr\u1ecdng.<\/p>\n\n\n\n<p>\u2e3b<\/p>\n\n\n\n<p><strong>1. TrungGlobal Network l\u00e0 g\u00ec?<\/strong><\/p>\n\n\n\n<p><strong>TrungGlobal Network<\/strong> l\u00e0 m\u1ed9t n\u1ec1n t\u1ea3ng s\u1ed1 t\u1ed5ng h\u1ee3p, h\u01b0\u1edbng t\u1edbi vi\u1ec7c cung c\u1ea5p nhi\u1ec1u d\u1ecbch v\u1ee5 trong c\u00f9ng m\u1ed9t h\u1ec7 sinh th\u00e1i nh\u01b0:<\/p>\n\n\n\n<ul class=\"wp-block-list\">\n<li>Tin t\u1ee9c, n\u1ed9i dung s\u1ed1<\/li>\n\n\n\n<li>\u1ee8ng d\u1ee5ng web ti\u1ec7n \u00edch<\/li>\n\n\n\n<li>H\u1ec7 th\u1ed1ng \u0111i\u1ec1u khi\u1ec3n v\u00e0 gi\u1ea3i tr\u00ed<\/li>\n\n\n\n<li>N\u1ec1n t\u1ea3ng m\u1edf r\u1ed9ng cho ng\u01b0\u1eddi d\u00f9ng v\u00e0 doanh nghi\u1ec7p<\/li>\n<\/ul>\n\n\n\n<p>M\u1ee5c ti\u00eau ch\u00ednh l\u00e0 <strong>t\u1ed1i \u01b0u t\u1ed1c \u0111\u1ed9, nh\u1eb9, d\u1ec5 s\u1eed d\u1ee5ng v\u00e0 d\u1ec5 m\u1edf r\u1ed9ng<\/strong>.<\/p>\n\n\n\n<p>\u2e3b<\/p>\n\n\n\n<p><strong>2. TrungGlobal Network c\u00f3 mi\u1ec5n ph\u00ed kh\u00f4ng?<\/strong><\/p>\n\n\n\n<p>Ph\u1ea7n l\u1edbn c\u00e1c t\u00ednh n\u0103ng c\u01a1 b\u1ea3n \u0111\u01b0\u1ee3c cung c\u1ea5p <strong>mi\u1ec5n ph\u00ed<\/strong> cho ng\u01b0\u1eddi d\u00f9ng ph\u1ed5 th\u00f4ng. Tuy nhi\u00ean:<\/p>\n\n\n\n<ul class=\"wp-block-list\">\n<li>M\u1ed9t s\u1ed1 d\u1ecbch v\u1ee5 n\u00e2ng cao c\u00f3 th\u1ec3 thu ph\u00ed<\/li>\n\n\n\n<li>Doanh nghi\u1ec7p ho\u1eb7c c\u00e1 nh\u00e2n c\u00f3 nhu c\u1ea7u m\u1edf r\u1ed9ng s\u1ebd c\u00f3 g\u00f3i ri\u00eang<\/li>\n<\/ul>\n\n\n\n<p>\u2e3b<\/p>\n\n\n\n<p><strong>3. TrungGlobal Network c\u00f3 gi\u1ed1ng website th\u00f4ng th\u01b0\u1eddng kh\u00f4ng?<\/strong><\/p>\n\n\n\n<p>Kh\u00f4ng ho\u00e0n to\u00e0n.<\/p>\n\n\n\n<p>Kh\u00e1c v\u1edbi website truy\u1ec1n th\u1ed1ng, n\u1ec1n t\u1ea3ng n\u00e0y:<\/p>\n\n\n\n<ul class=\"wp-block-list\">\n<li>Ho\u1ea1t \u0111\u1ed9ng nh\u01b0 <strong>m\u1ed9t h\u1ec7 sinh th\u00e1i \u0111a ch\u1ee9c n\u0103ng<\/strong><\/li>\n\n\n\n<li>C\u00f3 th\u1ec3 t\u00edch h\u1ee3p nhi\u1ec1u d\u1ecbch v\u1ee5 trong c\u00f9ng m\u1ed9t giao di\u1ec7n<\/li>\n\n\n\n<li>C\u00f3 kh\u1ea3 n\u0103ng ph\u00e1t tri\u1ec3n th\u00e0nh <strong>\u1ee9ng d\u1ee5ng web ho\u1eb7c desktop<\/strong><\/li>\n<\/ul>\n\n\n\n<p>\u2e3b<\/p>\n\n\n\n<p><strong>4. TrungGlobal Network c\u00f3 th\u1ec3 d\u00f9ng \u0111\u1ec3 l\u00e0m g\u00ec?<\/strong><\/p>\n\n\n\n<p>B\u1ea1n c\u00f3 th\u1ec3 s\u1eed d\u1ee5ng n\u1ec1n t\u1ea3ng cho nhi\u1ec1u m\u1ee5c \u0111\u00edch:<\/p>\n\n\n\n<ul class=\"wp-block-list\">\n<li>\u0110\u1ecdc tin t\u1ee9c v\u00e0 c\u1eadp nh\u1eadt th\u00f4ng tin<\/li>\n\n\n\n<li>Qu\u1ea3n l\u00fd n\u1ed9i dung c\u00e1 nh\u00e2n<\/li>\n\n\n\n<li>Xem gi\u1ea3i tr\u00ed (TV, media)<\/li>\n\n\n\n<li>\u0110i\u1ec1u khi\u1ec3n h\u1ec7 th\u1ed1ng th\u00f4ng minh (n\u1ebfu t\u00edch h\u1ee3p)<\/li>\n\n\n\n<li>X\u00e2y d\u1ef1ng h\u1ec7 th\u1ed1ng web ri\u00eang<\/li>\n<\/ul>\n\n\n\n<p>\u2e3b<\/p>\n\n\n\n<p><strong>5. C\u00f3 c\u1ea7n t\u00e0i kho\u1ea3n \u0111\u1ec3 s\u1eed d\u1ee5ng kh\u00f4ng?<\/strong><\/p>\n\n\n\n<ul class=\"wp-block-list\">\n<li><strong>Kh\u00f4ng c\u1ea7n<\/strong> t\u00e0i kho\u1ea3n: v\u1eabn d\u00f9ng \u0111\u01b0\u1ee3c c\u00e1c t\u00ednh n\u0103ng c\u01a1 b\u1ea3n<\/li>\n\n\n\n<li><strong>C\u1ea7n t\u00e0i kho\u1ea3n<\/strong> n\u1ebfu b\u1ea1n mu\u1ed1n:\n<ul class=\"wp-block-list\">\n<li>\u0110\u0103ng b\u00e0i<\/li>\n\n\n\n<li>B\u00ecnh lu\u1eadn<\/li>\n\n\n\n<li>C\u00e1 nh\u00e2n h\u00f3a n\u1ed9i dung<\/li>\n\n\n\n<li>L\u01b0u d\u1eef li\u1ec7u ri\u00eang<\/li>\n<\/ul>\n<\/li>\n<\/ul>\n\n\n\n<p>\u2e3b<\/p>\n\n\n\n<p><strong>6. TrungGlobal Network c\u00f3 an to\u00e0n kh\u00f4ng?<\/strong><\/p>\n\n\n\n<p>N\u1ec1n t\u1ea3ng h\u01b0\u1edbng t\u1edbi:<\/p>\n\n\n\n<ul class=\"wp-block-list\">\n<li>B\u1ea3o m\u1eadt d\u1eef li\u1ec7u ng\u01b0\u1eddi d\u00f9ng<\/li>\n\n\n\n<li>T\u1ed1i \u01b0u hi\u1ec7u su\u1ea5t<\/li>\n\n\n\n<li>H\u1ea1n ch\u1ebf l\u1ed7 h\u1ed5ng b\u1ea3o m\u1eadt<\/li>\n<\/ul>\n\n\n\n<p>Tuy nhi\u00ean, ng\u01b0\u1eddi d\u00f9ng v\u1eabn n\u00ean:<\/p>\n\n\n\n<ul class=\"wp-block-list\">\n<li>S\u1eed d\u1ee5ng m\u1eadt kh\u1ea9u m\u1ea1nh<\/li>\n\n\n\n<li>Kh\u00f4ng chia s\u1ebb th\u00f4ng tin c\u00e1 nh\u00e2n nh\u1ea1y c\u1ea3m<\/li>\n<\/ul>\n\n\n\n<p>\u2e3b<\/p>\n\n\n\n<p><strong>7. TrungGlobal Network c\u00f3 h\u1ed7 tr\u1ee3 SEO kh\u00f4ng?<\/strong><\/p>\n\n\n\n<p>C\u00f3. \u0110\u00e2y l\u00e0 m\u1ed9t trong nh\u1eefng \u0111i\u1ec3m m\u1ea1nh:<\/p>\n\n\n\n<ul class=\"wp-block-list\">\n<li>C\u1ea5u tr\u00fac th\u00e2n thi\u1ec7n v\u1edbi c\u00f4ng c\u1ee5 t\u00ecm ki\u1ebfm<\/li>\n\n\n\n<li>T\u1ed1i \u01b0u t\u1ed1c \u0111\u1ed9 t\u1ea3i trang<\/li>\n\n\n\n<li>H\u1ed7 tr\u1ee3 URL chu\u1ea9n SEO<\/li>\n\n\n\n<li>D\u1ec5 d\u00e0ng m\u1edf r\u1ed9ng n\u1ed9i dung<\/li>\n<\/ul>\n\n\n\n<p>\u2e3b<\/p>\n\n\n\n<p><strong>8. C\u00f3 th\u1ec3 m\u1edf r\u1ed9ng th\u00eam ch\u1ee9c n\u0103ng kh\u00f4ng?<\/strong><\/p>\n\n\n\n<p>Ho\u00e0n to\u00e0n c\u00f3 th\u1ec3.<\/p>\n\n\n\n<p>H\u1ec7 th\u1ed1ng \u0111\u01b0\u1ee3c thi\u1ebft k\u1ebf:<\/p>\n\n\n\n<ul class=\"wp-block-list\">\n<li>D\u1ec5 m\u1edf r\u1ed9ng module<\/li>\n\n\n\n<li>C\u00f3 th\u1ec3 th\u00eam t\u00ednh n\u0103ng m\u1edbi<\/li>\n\n\n\n<li>Ph\u00f9 h\u1ee3p cho c\u1ea3 c\u00e1 nh\u00e2n v\u00e0 doanh nghi\u1ec7p<\/li>\n<\/ul>\n\n\n\n<p>\u2e3b<\/p>\n\n\n\n<p><strong>9. TrungGlobal Network c\u00f3 ch\u1ea1y tr\u00ean \u0111i\u1ec7n tho\u1ea1i kh\u00f4ng?<\/strong><\/p>\n\n\n\n<p>C\u00f3.<\/p>\n\n\n\n<ul class=\"wp-block-list\">\n<li>T\u01b0\u01a1ng th\u00edch v\u1edbi mobile (responsive)<\/li>\n\n\n\n<li>C\u00f3 th\u1ec3 ph\u00e1t tri\u1ec3n th\u00e0nh <strong>\u1ee9ng d\u1ee5ng mobile ho\u1eb7c desktop<\/strong><\/li>\n<\/ul>\n\n\n\n<p>\u2e3b<\/p>\n\n\n\n<p><strong>10. TrungGlobal Network kh\u00e1c g\u00ec so v\u1edbi WordPress?<\/strong><\/p>\n\n\n\n<p>So v\u1edbi WordPress:<\/p>\n\n\n\n<figure class=\"wp-block-table\"><table class=\"has-fixed-layout\"><tbody><tr><td><strong>Ti\u00eau ch\u00ed<\/strong><\/td><td><strong>TrungGlobal Network<\/strong><\/td><td><strong>WordPress<\/strong><\/td><\/tr><tr><td>Hi\u1ec7u n\u0103ng<\/td><td>Nh\u1eb9, t\u1ed1i \u01b0u<\/td><td>Ph\u1ee5 thu\u1ed9c plugin<\/td><\/tr><tr><td>T\u00f9y bi\u1ebfn<\/td><td>Cao (code t\u1ef1 do)<\/td><td>Gi\u1edbi h\u1ea1n theo theme\/plugin<\/td><\/tr><tr><td>SEO<\/td><td>Ch\u1ee7 \u0111\u1ed9ng ki\u1ec3m so\u00e1t<\/td><td>Ph\u1ee5 thu\u1ed9c plugin<\/td><\/tr><tr><td>M\u1edf r\u1ed9ng<\/td><td>Linh ho\u1ea1t<\/td><td>D\u1ec5 nh\u01b0ng n\u1eb7ng<\/td><\/tr><\/tbody><\/table><\/figure>\n\n\n\n<p>\u2e3b<\/p>\n\n\n\n<p><strong>11. Ai n\u00ean s\u1eed d\u1ee5ng TrungGlobal Network?<\/strong><\/p>\n\n\n\n<p>Ph\u00f9 h\u1ee3p v\u1edbi:<\/p>\n\n\n\n<ul class=\"wp-block-list\">\n<li>Ng\u01b0\u1eddi mu\u1ed1n x\u00e2y d\u1ef1ng website ri\u00eang<\/li>\n\n\n\n<li>Developer th\u00edch t\u1ed1i \u01b0u h\u1ec7 th\u1ed1ng<\/li>\n\n\n\n<li>Doanh nghi\u1ec7p c\u1ea7n n\u1ec1n t\u1ea3ng t\u00f9y bi\u1ebfn cao<\/li>\n\n\n\n<li>Ng\u01b0\u1eddi l\u00e0m SEO v\u00e0 n\u1ed9i dung<\/li>\n<\/ul>\n\n\n\n<p>\u2e3b<\/p>\n\n\n\n<p><strong>12. TrungGlobal Network c\u00f3 t\u01b0\u01a1ng lai kh\u00f4ng?<\/strong><\/p>\n\n\n\n<p>N\u1ebfu \u0111\u01b0\u1ee3c ph\u00e1t tri\u1ec3n \u0111\u00fang h\u01b0\u1edbng, n\u1ec1n t\u1ea3ng c\u00f3 ti\u1ec1m n\u0103ng:<\/p>\n\n\n\n<ul class=\"wp-block-list\">\n<li>Tr\u1edf th\u00e0nh h\u1ec7 sinh th\u00e1i s\u1ed1 \u0111a n\u0103ng<\/li>\n\n\n\n<li>T\u00edch h\u1ee3p AI v\u00e0 c\u00f4ng ngh\u1ec7 m\u1edbi<\/li>\n\n\n\n<li>M\u1edf r\u1ed9ng th\u00e0nh n\u1ec1n t\u1ea3ng l\u1edbn trong t\u01b0\u01a1ng lai<\/li>\n<\/ul>\n\n\n\n<p>\u2e3b<\/p>\n\n\n\n<p><strong>K\u1ebft lu\u1eadn<\/strong><\/p>\n\n\n\n<p>Ph\u1ea7n FAQ tr\u00ean \u0111\u00e3 gi\u1ea3i \u0111\u00e1p nh\u1eefng c\u00e2u h\u1ecfi quan tr\u1ecdng nh\u1ea5t v\u1ec1 <strong>TrungGlobal Network<\/strong>. \u0110\u00e2y l\u00e0 m\u1ed9t n\u1ec1n t\u1ea3ng ti\u1ec1m n\u0103ng, \u0111\u1eb7c bi\u1ec7t ph\u00f9 h\u1ee3p v\u1edbi nh\u1eefng ai mu\u1ed1n:<\/p>\n\n\n\n<ul class=\"wp-block-list\">\n<li>L\u00e0m ch\u1ee7 h\u1ec7 th\u1ed1ng<\/li>\n\n\n\n<li>T\u1ed1i \u01b0u hi\u1ec7u su\u1ea5t<\/li>\n\n\n\n<li>X\u00e2y d\u1ef1ng s\u1ea3n ph\u1ea9m c\u00f4ng ngh\u1ec7 ri\u00eang<\/li>\n<\/ul>\n\n\n\n<p>\u2e3b<\/p>\n\n\n\n<p><\/p>\n","protected":false},"excerpt":{"rendered":"<p>FAQ \u2013 Nh\u1eefng c\u00e2u h\u1ecfi th\u01b0\u1eddng g\u1eb7p v\u1ec1 TrungGlobal Network Trong qu\u00e1 tr\u00ecnh t\u00ecm hi\u1ec3u v\u00e0 s\u1eed d\u1ee5ng TrungGlobal Network, ng\u01b0\u1eddi d\u00f9ng th\u01b0\u1eddng c\u00f3 nhi\u1ec1u th\u1eafc m\u1eafc li\u00ean quan \u0111\u1ebfn ch\u1ee9c n\u0103ng, c\u00e1ch ho\u1ea1t \u0111\u1ed9ng v\u00e0 l\u1ee3i \u00edch th\u1ef1c t\u1ebf. D\u01b0\u1edbi \u0111\u00e2y l\u00e0 ph\u1ea7n FAQ chu\u1ea9n SEO, \u0111\u1ea7y \u0111\u1ee7 v\u00e0 d\u1ec5 hi\u1ec3u, gi\u00fap b\u1ea1n n\u1eafm [&hellip;]<\/p>\n","protected":false},"author":1,"featured_media":612,"parent":0,"menu_order":0,"comment_status":"closed","ping_status":"closed","template":"","meta":{"_bbp_topic_count":0,"_bbp_reply_count":0,"_bbp_total_topic_count":0,"_bbp_total_reply_count":0,"_bbp_voice_count":0,"_bbp_anonymous_reply_count":0,"_bbp_topic_count_hidden":0,"_bbp_reply_count_hidden":0,"_bbp_forum_subforum_count":0,"footnotes":""},"class_list":["post-611","page","type-page","status-publish","has-post-thumbnail","hentry"],"yoast_head":"<!-- This site is optimized with the Yoast SEO plugin v27.4 - https:\/\/yoast.com\/product\/yoast-seo-wordpress\/ -->\n<title>FAQ \u2013 Nh\u1eefng c\u00e2u h\u1ecfi th\u01b0\u1eddng g\u1eb7p v\u1ec1 Trung Global Network - Trung Global Network<\/title>\n<meta name=\"description\" content=\"Trong qu\u00e1 tr\u00ecnh t\u00ecm hi\u1ec3u v\u00e0 s\u1eed d\u1ee5ng TrungGlobal Network, ng\u01b0\u1eddi d\u00f9ng th\u01b0\u1eddng c\u00f3 nhi\u1ec1u th\u1eafc m\u1eafc li\u00ean quan \u0111\u1ebfn ch\u1ee9c n\u0103ng, c\u00e1ch ho\u1ea1t \u0111\u1ed9ng v\u00e0 l\" \/>\n<meta name=\"robots\" content=\"index, follow, max-snippet:-1, max-image-preview:large, max-video-preview:-1\" \/>\n<link rel=\"canonical\" href=\"https:\/\/trungglobal.com\/wordpress\/faq\/\" \/>\n<meta property=\"og:locale\" content=\"vi_VN\" \/>\n<meta property=\"og:type\" content=\"article\" \/>\n<meta property=\"og:title\" content=\"FAQ \u2013 Nh\u1eefng c\u00e2u h\u1ecfi th\u01b0\u1eddng g\u1eb7p v\u1ec1 Trung Global Network - Trung Global Network\" \/>\n<meta property=\"og:description\" content=\"Trong qu\u00e1 tr\u00ecnh t\u00ecm hi\u1ec3u v\u00e0 s\u1eed d\u1ee5ng TrungGlobal Network, ng\u01b0\u1eddi d\u00f9ng th\u01b0\u1eddng c\u00f3 nhi\u1ec1u th\u1eafc m\u1eafc li\u00ean quan \u0111\u1ebfn ch\u1ee9c n\u0103ng, c\u00e1ch ho\u1ea1t \u0111\u1ed9ng v\u00e0 l\" \/>\n<meta property=\"og:url\" content=\"https:\/\/trungglobal.com\/wordpress\/faq\/\" \/>\n<meta property=\"og:site_name\" content=\"Trung Global Network\" \/>\n<meta property=\"article:modified_time\" content=\"2026-04-18T09:07:33+00:00\" \/>\n<meta property=\"og:image\" content=\"https:\/\/trungglobal.com\/wordpress\/wp-content\/uploads\/2026\/04\/Faq.webp\" \/>\n\t<meta property=\"og:image:width\" content=\"1024\" \/>\n\t<meta property=\"og:image:height\" content=\"1536\" \/>\n\t<meta property=\"og:image:type\" content=\"image\/webp\" \/>\n<meta name=\"twitter:card\" content=\"summary_large_image\" \/>\n<meta name=\"twitter:label1\" content=\"\u01af\u1edbc t\u00ednh th\u1eddi gian \u0111\u1ecdc\" \/>\n\t<meta name=\"twitter:data1\" content=\"5 ph\u00fat\" \/>\n<script type=\"application\/ld+json\" class=\"yoast-schema-graph\">{\"@context\":\"https:\\\/\\\/schema.org\",\"@graph\":[{\"@type\":\"WebPage\",\"@id\":\"https:\\\/\\\/trungglobal.com\\\/wordpress\\\/faq\\\/\",\"url\":\"https:\\\/\\\/trungglobal.com\\\/wordpress\\\/faq\\\/\",\"name\":\"FAQ \u2013 Nh\u1eefng c\u00e2u h\u1ecfi th\u01b0\u1eddng g\u1eb7p v\u1ec1 Trung Global Network - Trung Global Network\",\"isPartOf\":{\"@id\":\"https:\\\/\\\/trungglobal.com\\\/wordpress\\\/#website\"},\"primaryImageOfPage\":{\"@id\":\"https:\\\/\\\/trungglobal.com\\\/wordpress\\\/faq\\\/#primaryimage\"},\"image\":{\"@id\":\"https:\\\/\\\/trungglobal.com\\\/wordpress\\\/faq\\\/#primaryimage\"},\"thumbnailUrl\":\"https:\\\/\\\/trungglobal.com\\\/wordpress\\\/wp-content\\\/uploads\\\/2026\\\/04\\\/Faq.webp\",\"datePublished\":\"2026-04-18T09:05:48+00:00\",\"dateModified\":\"2026-04-18T09:07:33+00:00\",\"description\":\"Trong qu\u00e1 tr\u00ecnh t\u00ecm hi\u1ec3u v\u00e0 s\u1eed d\u1ee5ng TrungGlobal Network, ng\u01b0\u1eddi d\u00f9ng th\u01b0\u1eddng c\u00f3 nhi\u1ec1u th\u1eafc m\u1eafc li\u00ean quan \u0111\u1ebfn ch\u1ee9c n\u0103ng, c\u00e1ch ho\u1ea1t \u0111\u1ed9ng v\u00e0 l\",\"breadcrumb\":{\"@id\":\"https:\\\/\\\/trungglobal.com\\\/wordpress\\\/faq\\\/#breadcrumb\"},\"inLanguage\":\"vi\",\"potentialAction\":[{\"@type\":\"ReadAction\",\"target\":[\"https:\\\/\\\/trungglobal.com\\\/wordpress\\\/faq\\\/\"]}]},{\"@type\":\"ImageObject\",\"inLanguage\":\"vi\",\"@id\":\"https:\\\/\\\/trungglobal.com\\\/wordpress\\\/faq\\\/#primaryimage\",\"url\":\"https:\\\/\\\/trungglobal.com\\\/wordpress\\\/wp-content\\\/uploads\\\/2026\\\/04\\\/Faq.webp\",\"contentUrl\":\"https:\\\/\\\/trungglobal.com\\\/wordpress\\\/wp-content\\\/uploads\\\/2026\\\/04\\\/Faq.webp\",\"width\":1024,\"height\":1536},{\"@type\":\"BreadcrumbList\",\"@id\":\"https:\\\/\\\/trungglobal.com\\\/wordpress\\\/faq\\\/#breadcrumb\",\"itemListElement\":[{\"@type\":\"ListItem\",\"position\":1,\"name\":\"Trang ch\u1ee7\",\"item\":\"https:\\\/\\\/trungglobal.com\\\/wordpress\\\/\"},{\"@type\":\"ListItem\",\"position\":2,\"name\":\"FAQ\"}]},{\"@type\":\"WebSite\",\"@id\":\"https:\\\/\\\/trungglobal.com\\\/wordpress\\\/#website\",\"url\":\"https:\\\/\\\/trungglobal.com\\\/wordpress\\\/\",\"name\":\"Trung Global Network\",\"description\":\"Gi\u1ea3i ph\u00e1p c\u00f4ng ngh\u1ec7, website v\u00e0 d\u1ecbch v\u1ee5 tr\u1ef1c tuy\u1ebfn to\u00e0n di\u1ec7n.\",\"potentialAction\":[{\"@type\":\"SearchAction\",\"target\":{\"@type\":\"EntryPoint\",\"urlTemplate\":\"https:\\\/\\\/trungglobal.com\\\/wordpress\\\/?s={search_term_string}\"},\"query-input\":{\"@type\":\"PropertyValueSpecification\",\"valueRequired\":true,\"valueName\":\"search_term_string\"}}],\"inLanguage\":\"vi\"}]}<\/script>\n<!-- \/ Yoast SEO plugin. -->","yoast_head_json":{"title":"FAQ \u2013 Nh\u1eefng c\u00e2u h\u1ecfi th\u01b0\u1eddng g\u1eb7p v\u1ec1 Trung Global Network - Trung Global Network","description":"Trong qu\u00e1 tr\u00ecnh t\u00ecm hi\u1ec3u v\u00e0 s\u1eed d\u1ee5ng TrungGlobal Network, ng\u01b0\u1eddi d\u00f9ng th\u01b0\u1eddng c\u00f3 nhi\u1ec1u th\u1eafc m\u1eafc li\u00ean quan \u0111\u1ebfn ch\u1ee9c n\u0103ng, c\u00e1ch ho\u1ea1t \u0111\u1ed9ng v\u00e0 l","robots":{"index":"index","follow":"follow","max-snippet":"max-snippet:-1","max-image-preview":"max-image-preview:large","max-video-preview":"max-video-preview:-1"},"canonical":"https:\/\/trungglobal.com\/wordpress\/faq\/","og_locale":"vi_VN","og_type":"article","og_title":"FAQ \u2013 Nh\u1eefng c\u00e2u h\u1ecfi th\u01b0\u1eddng g\u1eb7p v\u1ec1 Trung Global Network - Trung Global Network","og_description":"Trong qu\u00e1 tr\u00ecnh t\u00ecm hi\u1ec3u v\u00e0 s\u1eed d\u1ee5ng TrungGlobal Network, ng\u01b0\u1eddi d\u00f9ng th\u01b0\u1eddng c\u00f3 nhi\u1ec1u th\u1eafc m\u1eafc li\u00ean quan \u0111\u1ebfn ch\u1ee9c n\u0103ng, c\u00e1ch ho\u1ea1t \u0111\u1ed9ng v\u00e0 l","og_url":"https:\/\/trungglobal.com\/wordpress\/faq\/","og_site_name":"Trung Global Network","article_modified_time":"2026-04-18T09:07:33+00:00","og_image":[{"width":1024,"height":1536,"url":"https:\/\/trungglobal.com\/wordpress\/wp-content\/uploads\/2026\/04\/Faq.webp","type":"image\/webp"}],"twitter_card":"summary_large_image","twitter_misc":{"\u01af\u1edbc t\u00ednh th\u1eddi gian \u0111\u1ecdc":"5 ph\u00fat"},"schema":{"@context":"https:\/\/schema.org","@graph":[{"@type":"WebPage","@id":"https:\/\/trungglobal.com\/wordpress\/faq\/","url":"https:\/\/trungglobal.com\/wordpress\/faq\/","name":"FAQ \u2013 Nh\u1eefng c\u00e2u h\u1ecfi th\u01b0\u1eddng g\u1eb7p v\u1ec1 Trung Global Network - Trung Global Network","isPartOf":{"@id":"https:\/\/trungglobal.com\/wordpress\/#website"},"primaryImageOfPage":{"@id":"https:\/\/trungglobal.com\/wordpress\/faq\/#primaryimage"},"image":{"@id":"https:\/\/trungglobal.com\/wordpress\/faq\/#primaryimage"},"thumbnailUrl":"https:\/\/trungglobal.com\/wordpress\/wp-content\/uploads\/2026\/04\/Faq.webp","datePublished":"2026-04-18T09:05:48+00:00","dateModified":"2026-04-18T09:07:33+00:00","description":"Trong qu\u00e1 tr\u00ecnh t\u00ecm hi\u1ec3u v\u00e0 s\u1eed d\u1ee5ng TrungGlobal Network, ng\u01b0\u1eddi d\u00f9ng th\u01b0\u1eddng c\u00f3 nhi\u1ec1u th\u1eafc m\u1eafc li\u00ean quan \u0111\u1ebfn ch\u1ee9c n\u0103ng, c\u00e1ch ho\u1ea1t \u0111\u1ed9ng v\u00e0 l","breadcrumb":{"@id":"https:\/\/trungglobal.com\/wordpress\/faq\/#breadcrumb"},"inLanguage":"vi","potentialAction":[{"@type":"ReadAction","target":["https:\/\/trungglobal.com\/wordpress\/faq\/"]}]},{"@type":"ImageObject","inLanguage":"vi","@id":"https:\/\/trungglobal.com\/wordpress\/faq\/#primaryimage","url":"https:\/\/trungglobal.com\/wordpress\/wp-content\/uploads\/2026\/04\/Faq.webp","contentUrl":"https:\/\/trungglobal.com\/wordpress\/wp-content\/uploads\/2026\/04\/Faq.webp","width":1024,"height":1536},{"@type":"BreadcrumbList","@id":"https:\/\/trungglobal.com\/wordpress\/faq\/#breadcrumb","itemListElement":[{"@type":"ListItem","position":1,"name":"Trang ch\u1ee7","item":"https:\/\/trungglobal.com\/wordpress\/"},{"@type":"ListItem","position":2,"name":"FAQ"}]},{"@type":"WebSite","@id":"https:\/\/trungglobal.com\/wordpress\/#website","url":"https:\/\/trungglobal.com\/wordpress\/","name":"Trung Global Network","description":"Gi\u1ea3i ph\u00e1p c\u00f4ng ngh\u1ec7, website v\u00e0 d\u1ecbch v\u1ee5 tr\u1ef1c tuy\u1ebfn to\u00e0n di\u1ec7n.","potentialAction":[{"@type":"SearchAction","target":{"@type":"EntryPoint","urlTemplate":"https:\/\/trungglobal.com\/wordpress\/?s={search_term_string}"},"query-input":{"@type":"PropertyValueSpecification","valueRequired":true,"valueName":"search_term_string"}}],"inLanguage":"vi"}]}},"_links":{"self":[{"href":"https:\/\/trungglobal.com\/wordpress\/wp-json\/wp\/v2\/pages\/611","targetHints":{"allow":["GET"]}}],"collection":[{"href":"https:\/\/trungglobal.com\/wordpress\/wp-json\/wp\/v2\/pages"}],"about":[{"href":"https:\/\/trungglobal.com\/wordpress\/wp-json\/wp\/v2\/types\/page"}],"author":[{"embeddable":true,"href":"https:\/\/trungglobal.com\/wordpress\/wp-json\/wp\/v2\/users\/1"}],"replies":[{"embeddable":true,"href":"https:\/\/trungglobal.com\/wordpress\/wp-json\/wp\/v2\/comments?post=611"}],"version-history":[{"count":2,"href":"https:\/\/trungglobal.com\/wordpress\/wp-json\/wp\/v2\/pages\/611\/revisions"}],"predecessor-version":[{"id":615,"href":"https:\/\/trungglobal.com\/wordpress\/wp-json\/wp\/v2\/pages\/611\/revisions\/615"}],"wp:featuredmedia":[{"embeddable":true,"href":"https:\/\/trungglobal.com\/wordpress\/wp-json\/wp\/v2\/media\/612"}],"wp:attachment":[{"href":"https:\/\/trungglobal.com\/wordpress\/wp-json\/wp\/v2\/media?parent=611"}],"curies":[{"name":"wp","href":"https:\/\/api.w.org\/{rel}","templated":true}]}}